{"id":104,"date":"2014-09-30T17:36:43","date_gmt":"2014-09-30T15:36:43","guid":{"rendered":"http:\/\/herdwickzucht.de\/?page_id=104"},"modified":"2015-04-06T17:38:07","modified_gmt":"2015-04-06T15:38:07","slug":"so-halten-wir-unsere-tiere","status":"publish","type":"page","link":"https:\/\/herdwickzucht.de\/?page_id=104","title":{"rendered":"So halten wir unsere Tiere"},"content":{"rendered":"<p>Unsere Schafe sind das ganze Jahr im Freien. Wir beweiden mit Ihnen \u00fcberwiegend Obstbaumwiesen rund um Betzingen, Ohmenhausen und Degerschlacht. Zur Lammzeit kommen die tr\u00e4chtigen M\u00fctter in den Stall mit Freilauf. Sobald die L\u00e4mmer alt genug sind kommen sie wieder auf die Weiden.<\/p>\n<dl id=\"attachment_335\" class=\"wp-caption alignnone\" style=\"width: 485px;\">\n<dt class=\"wp-caption-dt\"><a href=\"http:\/\/herdwickzucht.de\/wp-content\/uploads\/2014\/09\/05.04.15-1.jpg\"><img loading=\"lazy\" decoding=\"async\" class=\" wp-image-335\" src=\"http:\/\/herdwickzucht.de\/wp-content\/uploads\/2014\/09\/05.04.15-1-300x200.jpg\" alt=\"Herwick L\u00e4mmchen 10 Tage alt\" width=\"485\" height=\"323\" srcset=\"https:\/\/herdwickzucht.de\/wp-content\/uploads\/2014\/09\/05.04.15-1-300x200.jpg 300w, https:\/\/herdwickzucht.de\/wp-content\/uploads\/2014\/09\/05.04.15-1-1024x682.jpg 1024w\" sizes=\"(max-width: 485px) 100vw, 485px\" \/><\/a><\/dt>\n<dd class=\"wp-caption-dd\"><\/dd>\n<\/dl>\n<p><a href=\"http:\/\/herdwickzucht.de\/wp-content\/uploads\/2014\/09\/Dezember-2012-5.jpg\"><img loading=\"lazy\" decoding=\"async\" class=\"alignnone wp-image-122 \" src=\"http:\/\/herdwickzucht.de\/wp-content\/uploads\/2014\/09\/Dezember-2012-5-1024x682.jpg\" alt=\"\" width=\"485\" height=\"323\" srcset=\"https:\/\/herdwickzucht.de\/wp-content\/uploads\/2014\/09\/Dezember-2012-5-1024x682.jpg 1024w, https:\/\/herdwickzucht.de\/wp-content\/uploads\/2014\/09\/Dezember-2012-5-300x200.jpg 300w\" sizes=\"(max-width: 485px) 100vw, 485px\" \/><\/a><\/p>\n<p><a href=\"http:\/\/herdwickzucht.de\/wp-content\/uploads\/2014\/09\/Dezember-2012-8.jpg\"><img loading=\"lazy\" decoding=\"async\" class=\"wp-image-124 size-large\" src=\"http:\/\/herdwickzucht.de\/wp-content\/uploads\/2014\/09\/Dezember-2012-8-1024x682.jpg\" alt=\"Zuchtbock\" width=\"474\" height=\"315\" srcset=\"https:\/\/herdwickzucht.de\/wp-content\/uploads\/2014\/09\/Dezember-2012-8-1024x682.jpg 1024w, https:\/\/herdwickzucht.de\/wp-content\/uploads\/2014\/09\/Dezember-2012-8-300x200.jpg 300w\" sizes=\"(max-width: 474px) 100vw, 474px\" \/><\/a><\/p>\n<p><a href=\"http:\/\/herdwickzucht.de\/wp-content\/uploads\/2014\/10\/DSC_0099.jpg\"><img loading=\"lazy\" decoding=\"async\" class=\"wp-image-188 size-large\" src=\"http:\/\/herdwickzucht.de\/wp-content\/uploads\/2014\/10\/DSC_0099-1024x682.jpg\" alt=\"Herdwicklamm mit Aue\" width=\"474\" height=\"315\" srcset=\"https:\/\/herdwickzucht.de\/wp-content\/uploads\/2014\/10\/DSC_0099-1024x682.jpg 1024w, https:\/\/herdwickzucht.de\/wp-content\/uploads\/2014\/10\/DSC_0099-300x200.jpg 300w\" sizes=\"(max-width: 474px) 100vw, 474px\" \/><\/a><\/p>\n<p><a href=\"http:\/\/herdwickzucht.de\/wp-content\/uploads\/2014\/10\/DSC_0019.jpg\"><img loading=\"lazy\" decoding=\"async\" class=\"wp-image-185 size-large\" src=\"http:\/\/herdwickzucht.de\/wp-content\/uploads\/2014\/10\/DSC_0019-1024x682.jpg\" alt=\"Bockgruppe\" width=\"474\" height=\"315\" srcset=\"https:\/\/herdwickzucht.de\/wp-content\/uploads\/2014\/10\/DSC_0019-1024x682.jpg 1024w, https:\/\/herdwickzucht.de\/wp-content\/uploads\/2014\/10\/DSC_0019-300x200.jpg 300w\" sizes=\"(max-width: 474px) 100vw, 474px\" \/><\/a><\/p>\n","protected":false},"excerpt":{"rendered":"<p>Unsere Schafe sind das ganze Jahr im Freien. Wir beweiden mit Ihnen \u00fcberwiegend Obstbaumwiesen rund um Betzingen, Ohmenhausen und Degerschlacht. Zur Lammzeit kommen die tr\u00e4chtigen M\u00fctter in den Stall mit Freilauf. Sobald die L\u00e4mmer alt genug sind kommen sie wieder auf die Weiden.<\/p>\n","protected":false},"author":1,"featured_media":0,"parent":39,"menu_order":0,"comment_status":"closed","ping_status":"open","template":"","meta":{"footnotes":""},"_links":{"self":[{"href":"https:\/\/herdwickzucht.de\/index.php?rest_route=\/wp\/v2\/pages\/104"}],"collection":[{"href":"https:\/\/herdwickzucht.de\/index.php?rest_route=\/wp\/v2\/pages"}],"about":[{"href":"https:\/\/herdwickzucht.de\/index.php?rest_route=\/wp\/v2\/types\/page"}],"author":[{"embeddable":true,"href":"https:\/\/herdwickzucht.de\/index.php?rest_route=\/wp\/v2\/users\/1"}],"replies":[{"embeddable":true,"href":"https:\/\/herdwickzucht.de\/index.php?rest_route=%2Fwp%2Fv2%2Fcomments&post=104"}],"version-history":[{"count":6,"href":"https:\/\/herdwickzucht.de\/index.php?rest_route=\/wp\/v2\/pages\/104\/revisions"}],"predecessor-version":[{"id":345,"href":"https:\/\/herdwickzucht.de\/index.php?rest_route=\/wp\/v2\/pages\/104\/revisions\/345"}],"up":[{"embeddable":true,"href":"https:\/\/herdwickzucht.de\/index.php?rest_route=\/wp\/v2\/pages\/39"}],"wp:attachment":[{"href":"https:\/\/herdwickzucht.de\/index.php?rest_route=%2Fwp%2Fv2%2Fmedia&parent=104"}],"curies":[{"name":"wp","href":"https:\/\/api.w.org\/{rel}","templated":true}]}}