{"id":114,"date":"2014-09-30T19:06:39","date_gmt":"2014-09-30T17:06:39","guid":{"rendered":"http:\/\/herdwickzucht.de\/?page_id=114"},"modified":"2025-09-24T18:34:56","modified_gmt":"2025-09-24T16:34:56","slug":"home","status":"publish","type":"page","link":"https:\/\/herdwickzucht.de\/","title":{"rendered":"Home"},"content":{"rendered":"<p>F\u00fcr uns hat das Wohlbefinden unserer Tiere die h\u00f6chste Priorit\u00e4t, nicht die Rentabilit\u00e4t.<\/p>\n<p>Unsere Tierwelt:<\/p>\n<figure id=\"attachment_2621\" aria-describedby=\"caption-attachment-2621\" style=\"width: 474px\" class=\"wp-caption alignnone\"><a href=\"http:\/\/herdwickzucht.de\/wp-content\/uploads\/2022\/05\/DSC_0098-scaled.jpg\"><img loading=\"lazy\" decoding=\"async\" class=\"size-large wp-image-2621\" src=\"http:\/\/herdwickzucht.de\/wp-content\/uploads\/2022\/05\/DSC_0098-1024x683.jpg\" alt=\"\" width=\"474\" height=\"316\" srcset=\"https:\/\/herdwickzucht.de\/wp-content\/uploads\/2022\/05\/DSC_0098-1024x683.jpg 1024w, https:\/\/herdwickzucht.de\/wp-content\/uploads\/2022\/05\/DSC_0098-300x200.jpg 300w, https:\/\/herdwickzucht.de\/wp-content\/uploads\/2022\/05\/DSC_0098-768x512.jpg 768w, https:\/\/herdwickzucht.de\/wp-content\/uploads\/2022\/05\/DSC_0098-1536x1024.jpg 1536w, https:\/\/herdwickzucht.de\/wp-content\/uploads\/2022\/05\/DSC_0098-2048x1365.jpg 2048w\" sizes=\"(max-width: 474px) 100vw, 474px\" \/><\/a><figcaption id=\"caption-attachment-2621\" class=\"wp-caption-text\">Herdwick L\u00e4mmchen &#8211; 10 Tage alt<\/figcaption><\/figure>\n<figure id=\"attachment_859\" aria-describedby=\"caption-attachment-859\" style=\"width: 474px\" class=\"wp-caption alignnone\"><a href=\"http:\/\/herdwickzucht.de\/wp-content\/uploads\/2014\/10\/fritz-08.04.2009-08-02-22.jpg\"><img loading=\"lazy\" decoding=\"async\" class=\"wp-image-859 size-large\" src=\"http:\/\/herdwickzucht.de\/wp-content\/uploads\/2014\/10\/fritz-08.04.2009-08-02-22-1024x683.jpg\" alt=\"\" width=\"474\" height=\"316\" srcset=\"https:\/\/herdwickzucht.de\/wp-content\/uploads\/2014\/10\/fritz-08.04.2009-08-02-22-1024x683.jpg 1024w, https:\/\/herdwickzucht.de\/wp-content\/uploads\/2014\/10\/fritz-08.04.2009-08-02-22-300x200.jpg 300w, https:\/\/herdwickzucht.de\/wp-content\/uploads\/2014\/10\/fritz-08.04.2009-08-02-22-768x512.jpg 768w\" sizes=\"(max-width: 474px) 100vw, 474px\" \/><\/a><figcaption id=\"caption-attachment-859\" class=\"wp-caption-text\">Kelpie R\u00fcde Fritz 15 Jahre alt (2022 mussten wir uns leider von ihm verabschieden)<\/figcaption><\/figure>\n<figure id=\"attachment_2277\" aria-describedby=\"caption-attachment-2277\" style=\"width: 474px\" class=\"wp-caption alignnone\"><a href=\"http:\/\/herdwickzucht.de\/wp-content\/uploads\/2021\/05\/IMG_3562-scaled.jpg\"><img loading=\"lazy\" decoding=\"async\" class=\"size-large wp-image-2277\" src=\"http:\/\/herdwickzucht.de\/wp-content\/uploads\/2021\/05\/IMG_3562-1024x683.jpg\" alt=\"\" width=\"474\" height=\"316\" \/><\/a><figcaption id=\"caption-attachment-2277\" class=\"wp-caption-text\">Kelpie R\u00fcde Maddox- inzwischen 12 Jahre alt<\/figcaption><\/figure>\n<figure id=\"attachment_2635\" aria-describedby=\"caption-attachment-2635\" style=\"width: 474px\" class=\"wp-caption alignnone\"><a href=\"http:\/\/herdwickzucht.de\/wp-content\/uploads\/2022\/05\/20210912_132427-scaled.jpg\"><img loading=\"lazy\" decoding=\"async\" class=\"size-large wp-image-2635\" src=\"http:\/\/herdwickzucht.de\/wp-content\/uploads\/2022\/05\/20210912_132427-1024x576.jpg\" alt=\"\" width=\"474\" height=\"267\" srcset=\"https:\/\/herdwickzucht.de\/wp-content\/uploads\/2022\/05\/20210912_132427-1024x576.jpg 1024w, https:\/\/herdwickzucht.de\/wp-content\/uploads\/2022\/05\/20210912_132427-300x169.jpg 300w, https:\/\/herdwickzucht.de\/wp-content\/uploads\/2022\/05\/20210912_132427-768x432.jpg 768w, https:\/\/herdwickzucht.de\/wp-content\/uploads\/2022\/05\/20210912_132427-1536x864.jpg 1536w, https:\/\/herdwickzucht.de\/wp-content\/uploads\/2022\/05\/20210912_132427-2048x1152.jpg 2048w\" sizes=\"(max-width: 474px) 100vw, 474px\" \/><\/a><figcaption id=\"caption-attachment-2635\" class=\"wp-caption-text\">Kelpie R\u00fcde Oscar- inzwischen 4 Jahre alt<\/figcaption><\/figure>\n<figure id=\"attachment_2928\" aria-describedby=\"caption-attachment-2928\" style=\"width: 474px\" class=\"wp-caption alignnone\"><a href=\"http:\/\/herdwickzucht.de\/wp-content\/uploads\/2024\/04\/Susi-geb.-05.04.2024.jpg\"><img loading=\"lazy\" decoding=\"async\" class=\"size-large wp-image-2928\" src=\"http:\/\/herdwickzucht.de\/wp-content\/uploads\/2024\/04\/Susi-geb.-05.04.2024-1024x681.jpg\" alt=\"\" width=\"474\" height=\"315\" srcset=\"https:\/\/herdwickzucht.de\/wp-content\/uploads\/2024\/04\/Susi-geb.-05.04.2024-1024x681.jpg 1024w, https:\/\/herdwickzucht.de\/wp-content\/uploads\/2024\/04\/Susi-geb.-05.04.2024-300x200.jpg 300w, https:\/\/herdwickzucht.de\/wp-content\/uploads\/2024\/04\/Susi-geb.-05.04.2024-768x511.jpg 768w, https:\/\/herdwickzucht.de\/wp-content\/uploads\/2024\/04\/Susi-geb.-05.04.2024-1536x1021.jpg 1536w, https:\/\/herdwickzucht.de\/wp-content\/uploads\/2024\/04\/Susi-geb.-05.04.2024.jpg 1600w\" sizes=\"(max-width: 474px) 100vw, 474px\" \/><\/a><figcaption id=\"caption-attachment-2928\" class=\"wp-caption-text\">Susi &#8211; unser 7. Dahomey K\u00e4lbchen, geb. 05.04.2024<\/figcaption><\/figure>\n<p><span style=\"text-decoration: underline;\">Wie alles anfing:<\/span><\/p>\n<p>Zuerst war da Stonevalley Fritz Harley, genannt Fritz \u2013 unser erster Working Kelpie. Die Rasse wird in Australien zum Schafe und Rinder h\u00fcten eingesetzt. Zun\u00e4chst war es nicht oberste Priorit\u00e4t mit Fritz an Schafen zu arbeiten, was sich jedoch sehr schnell ge\u00e4ndert hat. Nachdem Fritz den ersten Kontakt mit Schafen hatte und gute H\u00fcteeigenschaften zeigte, war klar, ein Leben f\u00fcr Fritz ohne Schafkontakte wird es nicht geben. Nach einem Jahr Bettelei um H\u00fctem\u00f6glichkeiten sind wir zu dem Entschluss gekommen: es m\u00fcssen Schafe her.<br \/>\nAngefangen haben wir dann mit Coburger F\u00fcchsen \u2013 einer alten Landschafrasse. Da diese Rasse aber an Bauch, Ohren, Kopf und Beinen keine Wolle hat, war sie an besagten Stellen anf\u00e4llig f\u00fcr M\u00fcckenstiche von einer kleinen M\u00fccke ( Burenm\u00fcckle), welche auf unseren Obstbaumwiesen h\u00e4ufig vorkommen. Durch den Juckreiz haben sich die Tiere oft den Kopf und die Ohren wund gerieben und Ekzeme bekommen. Das war f\u00fcr uns ein Grund uns nach einer anderen Rasse umzusehen. Als wir ein Bild von einem Herdwick Schaf in einem Buch gesehen haben, waren wir sofort begeistert.<br \/>\n2011 war es dann soweit, die ersten Herdwick-Schafe zogen bei uns ein: ein Bock, zwei Auen und ein Lamm. Seitdem z\u00fcchten wir diese robuste Rasse im Herdbuch. 2013 ist noch ein zweiter Kelpie &#8211; Maddox- bei uns eingezogen.\u00a0 2019 kamen ein paar H\u00fchner dazu, die wir inzwischen leider aus gesundheitlichen Gr\u00fcnden abgeben mussten. Im Oktober 2020 sind dann noch ein paar Dahomey Zwerg- Rinder dazugekommen. Inzwischen haben wir auch da schon einigen Nachwuchs bekommen. Im August 2021 ist der dritte Kelpie &#8211; Oscar &#8211; dazugekommen.<\/p>\n<table style=\"border-collapse: collapse; width: 118.989%; height: 349px;\">\n<tbody>\n<tr>\n<td style=\"width: 37.5759%;\"><a href=\"http:\/\/herdwickzucht.de\/wp-content\/uploads\/2018\/08\/151214_HERD_Logo_WEB_Large_02_02.png\"><img loading=\"lazy\" decoding=\"async\" class=\"wp-image-1050 alignnone\" src=\"http:\/\/herdwickzucht.de\/wp-content\/uploads\/2018\/08\/151214_HERD_Logo_WEB_Large_02_02-1024x1024.png\" alt=\"\" width=\"231\" height=\"231\" srcset=\"https:\/\/herdwickzucht.de\/wp-content\/uploads\/2018\/08\/151214_HERD_Logo_WEB_Large_02_02-1024x1024.png 1024w, https:\/\/herdwickzucht.de\/wp-content\/uploads\/2018\/08\/151214_HERD_Logo_WEB_Large_02_02-150x150.png 150w, https:\/\/herdwickzucht.de\/wp-content\/uploads\/2018\/08\/151214_HERD_Logo_WEB_Large_02_02-300x300.png 300w, https:\/\/herdwickzucht.de\/wp-content\/uploads\/2018\/08\/151214_HERD_Logo_WEB_Large_02_02-768x768.png 768w\" sizes=\"(max-width: 231px) 100vw, 231px\" \/><\/a><\/td>\n<td style=\"width: 40.2701%;\"><a href=\"http:\/\/herdwickzucht.de\/wp-content\/uploads\/2023\/01\/Logo-endgueltig-als-JEPEG-scaled.jpg\"><img loading=\"lazy\" decoding=\"async\" class=\"alignnone wp-image-2760\" src=\"http:\/\/herdwickzucht.de\/wp-content\/uploads\/2023\/01\/Logo-endgueltig-als-JEPEG-992x1024.jpg\" alt=\"\" width=\"266\" height=\"274\" srcset=\"https:\/\/herdwickzucht.de\/wp-content\/uploads\/2023\/01\/Logo-endgueltig-als-JEPEG-992x1024.jpg 992w, https:\/\/herdwickzucht.de\/wp-content\/uploads\/2023\/01\/Logo-endgueltig-als-JEPEG-291x300.jpg 291w, https:\/\/herdwickzucht.de\/wp-content\/uploads\/2023\/01\/Logo-endgueltig-als-JEPEG-768x793.jpg 768w, https:\/\/herdwickzucht.de\/wp-content\/uploads\/2023\/01\/Logo-endgueltig-als-JEPEG-1488x1536.jpg 1488w, https:\/\/herdwickzucht.de\/wp-content\/uploads\/2023\/01\/Logo-endgueltig-als-JEPEG-1984x2048.jpg 1984w\" sizes=\"(max-width: 266px) 100vw, 266px\" \/><\/a><\/td>\n<\/tr>\n<\/tbody>\n<\/table>\n<p>&nbsp;<\/p>\n<p>&nbsp;<\/p>\n","protected":false},"excerpt":{"rendered":"<p>F\u00fcr uns hat das Wohlbefinden unserer Tiere die h\u00f6chste Priorit\u00e4t, nicht die Rentabilit\u00e4t. Unsere Tierwelt: Wie alles anfing: Zuerst war da Stonevalley Fritz Harley, genannt Fritz \u2013 unser erster Working Kelpie. Die Rasse wird in Australien zum Schafe und Rinder h\u00fcten eingesetzt. Zun\u00e4chst war es nicht oberste Priorit\u00e4t mit Fritz an Schafen zu arbeiten, was &hellip; <a href=\"https:\/\/herdwickzucht.de\/\" class=\"more-link\"><span class=\"screen-reader-text\">Home<\/span> weiterlesen <span class=\"meta-nav\">&rarr;<\/span><\/a><\/p>\n","protected":false},"author":1,"featured_media":0,"parent":0,"menu_order":1,"comment_status":"closed","ping_status":"open","template":"","meta":{"footnotes":""},"_links":{"self":[{"href":"https:\/\/herdwickzucht.de\/index.php?rest_route=\/wp\/v2\/pages\/114"}],"collection":[{"href":"https:\/\/herdwickzucht.de\/index.php?rest_route=\/wp\/v2\/pages"}],"about":[{"href":"https:\/\/herdwickzucht.de\/index.php?rest_route=\/wp\/v2\/types\/page"}],"author":[{"embeddable":true,"href":"https:\/\/herdwickzucht.de\/index.php?rest_route=\/wp\/v2\/users\/1"}],"replies":[{"embeddable":true,"href":"https:\/\/herdwickzucht.de\/index.php?rest_route=%2Fwp%2Fv2%2Fcomments&post=114"}],"version-history":[{"count":95,"href":"https:\/\/herdwickzucht.de\/index.php?rest_route=\/wp\/v2\/pages\/114\/revisions"}],"predecessor-version":[{"id":2961,"href":"https:\/\/herdwickzucht.de\/index.php?rest_route=\/wp\/v2\/pages\/114\/revisions\/2961"}],"wp:attachment":[{"href":"https:\/\/herdwickzucht.de\/index.php?rest_route=%2Fwp%2Fv2%2Fmedia&parent=114"}],"curies":[{"name":"wp","href":"https:\/\/api.w.org\/{rel}","templated":true}]}}