{"id":1401,"date":"2019-06-03T18:47:49","date_gmt":"2019-06-03T16:47:49","guid":{"rendered":"http:\/\/herdwickzucht.de\/?page_id=1401"},"modified":"2019-06-03T18:54:04","modified_gmt":"2019-06-03T16:54:04","slug":"der-wolf","status":"publish","type":"page","link":"https:\/\/herdwickzucht.de\/?page_id=1401","title":{"rendered":"Der Wolf"},"content":{"rendered":"<p><strong><u>Meine Gedanken zum Wolf und dem drumherum<\/u><\/strong><\/p>\n<p><strong>\u00a0<\/strong>Nur vorne weg: Ich finde der Wolf ist ein tolles Tier.<\/p>\n<p><strong>\u00a0<\/strong>Nur in einem Punkt zum Thema Wolf bin ich mir hundertprozentig sicher: dar\u00fcber, dass niemand vorhersagen kann, wie sich alles entwickelt. Das hat zur Folge, dass die Spezialisten, egal aus welcher Ecke sie auch stammen, f\u00fcr mich nicht als Diskussionspartner in Frage kommen. Denn jegliche festgefahrene Position aufgrund der Zugeh\u00f6rigkeit zu einer \u201eGlaubensgemeinschaft\u201c hat zur Folge, dass man gezwungen wird, seine Position zu Verteidigen und nicht L\u00f6sungsorientiert diskutieren kann.<\/p>\n<p>Ich geh\u00f6re ebenso zu einer festgefahrenen Meinungsgemeinschaft, den Schafhaltern. Und ganz klar und deutlich: Ich brauche in meiner Umgebung keinen Wolf. Und ich will ihn auch nicht.<\/p>\n<p>Als ich begann mit den Schafen auf Weidetouren auf verschiedene Weidefl\u00e4chen zu gehen, bestand meine Aufgabe darin, mit der mir anvertrauten Gruppe Tiere so stressfrei wie m\u00f6glich von einer Weidefl\u00e4che zur anderen zu gelangen. Das Ganze mache ich von Anfang an mit Koppelgebrauchshunden. Dort angekommen war es meine Aufgabe die Fl\u00e4che mit Netzen so einzustecken, dass die Schafe, auch w\u00e4hrend meiner Abwesenheit, dortbleiben und keine Gefahr f\u00fcr naheliegende G\u00e4rten oder Stra\u00dfen darstellten. Daf\u00fcr hatte ich die Verantwortung und f\u00fcr mein Fehlverhalten eine Haftpflichtversicherung. Es kam schon auch mal vor, dass die Schafe die Nachbarwiese toller fanden und mangels Strom ausgeb\u00fcchst sind. Alles halb so schlimm, ist ja nichts passiert. Meine Telefonnummer h\u00e4ngt am Zaun, irgend Jemand hat mich noch immer angerufen. Oder keiner hats bemerkt und niemand hats gesehen und ich komme abends zur Weide und huch sind keine Schafe mehr da. Bei Heugras und beginnender D\u00e4mmerung wird das eine lustige Abendbesch\u00e4ftigung f\u00fcr die Familie und alle erreichbaren Freunde. Das hat, glaub ich, schon jeder Schafhalter mit kleineren Gruppen mitgemacht. Hinterher oder am n\u00e4chsten Tag wars eigentlich gar nicht so schlimm. Oder aber es gibt den ein oder anderen Auto- oder Traktorfahrer der, bemerkt oder auch nicht, ein ordentliches Tor in den Zaun rupft. Oder es gibt auch die Halbstarken, die mit den B\u00f6cken Rodeo spielen wollen und das Ganze aus dem Ruder l\u00e4uft. Hier gibt es dann eben die mutigen, die einen dann anrufen und die weniger mutigen die das Weite suchen. Diese Unterscheidungen gibt es \u00fcbrigens auch bei den Hundehaltern. Auf der anderen Seite gibt es dann auch Polizisten, die die Tiere im Industriegebiet beobachten bis du da bist und mit dem Hund wieder unter Kontrolle gebracht hast. Es gibt bestimmt schlimmere Eins\u00e4tze morgens um acht. Es haben auch schon welche geschafft die Tiere in einer Doppelgarage festzusetzen. Alles gut und halb so schlimm, solange nichts passiert und der Schaden in den Vorg\u00e4rten sich in Grenzen h\u00e4lt. Und solange das alles nicht an einem Tag passiert.<\/p>\n<p>Jetzt wird das aber ganz anders. Jetzt muss ich die Tiere so einpferchen, dass niemand reinkommt. Ordentlich hoch, m\u00e4chtig Power auf dem Zaun drauf, unten rum alles frei m\u00e4hen, zwecks dem Spannungsabfall, richtig gut erden und nochmal einen Meter weg vom Weg, damit niemand drankommt.<\/p>\n<p>Jetzt gibt es vom Verband schon \u201eSeminare\u201c f\u00fcr Mitglieder zum Sonderpreis von 35\u20ac, wo die Hersteller mir zeigen werden, wie so ein Zaun, nat\u00fcrlich aus deren Sortiment, aufzubauen ist. Hallo????? Ich baue seit 15 Jahren Z\u00e4une auf, und zwar welche mit 105 cm H\u00f6he und nicht wie vom Verband empfohlen mit 90 cm, denn da hopsen meine Schafe dr\u00fcber, wenn sie Lust haben. Es gibt auch so Spezialisten, die machen das bei 105 cm und wenn sie sehen, dass das Sch\u00e4ferauto kommt, dann springen sie wieder rein (Da m\u00fcssen dann Einzelgespr\u00e4che gef\u00fchrt werden und der Hund muss dann eben bei der Detailerkl\u00e4rung mithelfen). Aber mal ganz ehrlich, ich habe einen mittleren Bildungsabschluss und traue mir schon zu einen ordentlichen Weidezaun aufzubauen.<\/p>\n<p>Ich habe ja eben beschrieben, dass das ein oder andere Schaf da dr\u00fcber springt, wenn die Nachbarswiese leckerer ist. Und mein <strong>Hund mit 50 cm Schulterh\u00f6he<\/strong> der springt da auch mit Strom locker dr\u00fcber, denn w\u00e4hrend dem Sprung merkt der ja \u00fcberhaupt nicht, dass Strom drauf ist. Und wenn er mal den Kopf durch den Zaun steckt zum aus dem Wasserbottich der Schafe zu trinken und ich habe den Strom schon an, dann jault er wie am Spie\u00df und sitzt ins Auto, bis zum n\u00e4chsten Mal. Das n\u00e4chste Mal springt der wieder dr\u00fcber und trinkt nicht mehr aus dem Wasser der Schafe. Bis zum \u00fcbern\u00e4chsten Mal, da hat er es vergessen.<\/p>\n<p><strong>\u201eDer Wolf hat eine Schulterh\u00f6he von 60-70 cm\u201c!<\/strong><\/p>\n<p>Jetzt wird mir geraten einen Herdenschutzhund in die Herde zu integrieren. Dazu sollte ich nat\u00fcrlich wissen wie sich das mit dem Wolf entwickelt. Weis aber niemand, wie ich am Anfang schon behauptet habe. Im Moment sind es Luftlinie rund 70 km wo einer unterwegs ist. Solange er dort noch genug Futter hat ist ja alles gut. Denn ich brauche ja runde 2 Jahre bis das mit dem Herdenschutzhund funktioniert. Bis es funktioniert, muss ich damit Leben, dass dem ein oder anderen Lamm aus Langeweile ein Ohr abgeknabbert wird. Zum Umstellen der Schafe brauche ich dann einen H\u00e4nger, um den Herdenschutzhund wegzusperren solange ich mit den Koppelgebrauchshund meine Schafe umstelle. Bei l\u00e4ngeren Strecken wo ich bisher die Schafe mit dem H\u00e4nger umgestellt habe, muss ich jetzt halt zweimal hinfahren und zur\u00fcck. OK soweit alles kein Problem, der Tag hat ja 24 Stunden und wenn es eng wird, nehmen wir Schwaben eben die Nacht dazu.<\/p>\n<p>Probleme gibt es aber in anderer Hinsicht. Wenn der Wolf im Schwarzwald die Liebe seines Lebens findet und 2 Jahre poppt habe ich pl\u00f6tzlich, zu dem Zeitpunkt wo mein Herdenschutzhund eingegliedert ist, ein Problem. Denn f\u00fcr 5-6 W\u00f6lfe brauche ich 5-6 Herdenschutzhunde, sonnst ist der eine so abschreckend wie meine Schafe. Jeder der ein bisschen auf meiner Homepage unterwegs war, hat ja sicher schon bemerkt, dass ich ein Nebenerwerbssch\u00e4fer bin. Bei 70 bis 100 Schafen hei\u00dft das in der Mehrheit des Jahres 2-4 Gruppen. Da ich aber nicht wei\u00df, welche er lieber mag, bedeutet das bei einem Wolfrudel von 4-5 Tieren also die Vorhaltung von rund 20 Herdenschutzhunden. Verdammt noch mal, ich will keine Hunde z\u00fcchten sondern Schafe. Und ich will auch keine Entsch\u00e4digung f\u00fcr gerissene Tier zum Schlachtwert, wenn da zig Jahre Zuchtarbeit drinstecken und die Tiere das 20- fache an Wert darstellen. Wo dann vorher zig Spezialisten einen Nachweis wollen, welcher Fehler beim Zaunbau gemacht wurde oder welche Vorschriften nicht zu 100% eingehalten wurden.<\/p>\n<p>Wer den Wolf hier will, der soll gef\u00e4lligst bei Nacht hinsitzen und aufpassen, dass sein toller Wolf nicht meine Schafe futtert.<\/p>\n<p>Basta<\/p>\n<p>&nbsp;<\/p>\n","protected":false},"excerpt":{"rendered":"<p>Meine Gedanken zum Wolf und dem drumherum \u00a0Nur vorne weg: Ich finde der Wolf ist ein tolles Tier. \u00a0Nur in einem Punkt zum Thema Wolf bin ich mir hundertprozentig sicher: dar\u00fcber, dass niemand vorhersagen kann, wie sich alles entwickelt. Das hat zur Folge, dass die Spezialisten, egal aus welcher Ecke sie auch stammen, f\u00fcr mich &hellip; <a href=\"https:\/\/herdwickzucht.de\/?page_id=1401\" class=\"more-link\"><span class=\"screen-reader-text\">Der Wolf<\/span> weiterlesen <span class=\"meta-nav\">&rarr;<\/span><\/a><\/p>\n","protected":false},"author":1,"featured_media":0,"parent":0,"menu_order":0,"comment_status":"closed","ping_status":"closed","template":"","meta":{"footnotes":""},"_links":{"self":[{"href":"https:\/\/herdwickzucht.de\/index.php?rest_route=\/wp\/v2\/pages\/1401"}],"collection":[{"href":"https:\/\/herdwickzucht.de\/index.php?rest_route=\/wp\/v2\/pages"}],"about":[{"href":"https:\/\/herdwickzucht.de\/index.php?rest_route=\/wp\/v2\/types\/page"}],"author":[{"embeddable":true,"href":"https:\/\/herdwickzucht.de\/index.php?rest_route=\/wp\/v2\/users\/1"}],"replies":[{"embeddable":true,"href":"https:\/\/herdwickzucht.de\/index.php?rest_route=%2Fwp%2Fv2%2Fcomments&post=1401"}],"version-history":[{"count":3,"href":"https:\/\/herdwickzucht.de\/index.php?rest_route=\/wp\/v2\/pages\/1401\/revisions"}],"predecessor-version":[{"id":1405,"href":"https:\/\/herdwickzucht.de\/index.php?rest_route=\/wp\/v2\/pages\/1401\/revisions\/1405"}],"wp:attachment":[{"href":"https:\/\/herdwickzucht.de\/index.php?rest_route=%2Fwp%2Fv2%2Fmedia&parent=1401"}],"curies":[{"name":"wp","href":"https:\/\/api.w.org\/{rel}","templated":true}]}}