{"id":1840,"date":"2020-10-12T14:49:02","date_gmt":"2020-10-12T12:49:02","guid":{"rendered":"http:\/\/herdwickzucht.de\/?page_id=1840"},"modified":"2023-02-19T12:36:02","modified_gmt":"2023-02-19T10:36:02","slug":"rasseportrait-dahomey-zwergrinder","status":"publish","type":"page","link":"https:\/\/herdwickzucht.de\/?page_id=1840","title":{"rendered":"Rasseportrait Dahomey- Zwergrinder"},"content":{"rendered":"<figure id=\"attachment_2786\" aria-describedby=\"caption-attachment-2786\" style=\"width: 474px\" class=\"wp-caption alignnone\"><a href=\"http:\/\/herdwickzucht.de\/wp-content\/uploads\/2023\/02\/DSC_0046-scaled.jpg\"><img loading=\"lazy\" decoding=\"async\" class=\"size-large wp-image-2786\" src=\"http:\/\/herdwickzucht.de\/wp-content\/uploads\/2023\/02\/DSC_0046-1024x683.jpg\" alt=\"\" width=\"474\" height=\"316\" \/><\/a><figcaption id=\"caption-attachment-2786\" class=\"wp-caption-text\">Ghismo- unser aktueller Zuchtbulle (2023)<\/figcaption><\/figure>\n<p>Das Dahomey-Zwergrind ist die kleinste Rinderrasse der Welt. Vor ca. 90 Jahren gelangten die ersten Dahomey- Rinder aus dem K\u00f6nigreich Dahomey (heute Benin) in Westafrika in den Zoo von Antwerpen, von wo aus die Verbreitung in Europa erfolgte. Heute befinden sich ca. 350 reinrassige Dahomey Rinder in Europa.<\/p>\n<p>Das Dahomey-Zwergrind hat nur eine geringe wirtschaftliche Bedeutung. Die Milchleistung reicht gerade f\u00fcr die Aufzucht des Nachwuchses. Als Fleischrind ist es auf Grund seiner Gr\u00f6\u00dfe und einer langsameren Gewichtszunahme mit anderen modernen Rassen nicht vergleichbar.<\/p>\n<p>In der Landschaftspflege ist die geringe Gr\u00f6\u00dfe allerdings von Vorteil, da die relativ leichten Tiere kaum Trittsch\u00e4den verursachen und auch sehr gut mit minderwertigen Weidegr\u00fcnden zurechtkommen.<\/p>\n<p>Eine ausgewachsene Kuh hat eine Gr\u00f6\u00dfe von ca. 80 bis 95 cm und wiegt ca. 210 kg. Ein ausgewachsener Bulle hat eine Gr\u00f6\u00dfe von ca. 85 bis 105 cm und wiegt ca. 300 kg. Die Tiere sind schwarz oder grau.<\/p>\n","protected":false},"excerpt":{"rendered":"<p>Das Dahomey-Zwergrind ist die kleinste Rinderrasse der Welt. Vor ca. 90 Jahren gelangten die ersten Dahomey- Rinder aus dem K\u00f6nigreich Dahomey (heute Benin) in Westafrika in den Zoo von Antwerpen, von wo aus die Verbreitung in Europa erfolgte. Heute befinden sich ca. 350 reinrassige Dahomey Rinder in Europa. Das Dahomey-Zwergrind hat nur eine geringe wirtschaftliche &hellip; <a href=\"https:\/\/herdwickzucht.de\/?page_id=1840\" class=\"more-link\"><span class=\"screen-reader-text\">Rasseportrait Dahomey- Zwergrinder<\/span> weiterlesen <span class=\"meta-nav\">&rarr;<\/span><\/a><\/p>\n","protected":false},"author":1,"featured_media":0,"parent":0,"menu_order":0,"comment_status":"closed","ping_status":"closed","template":"","meta":{"footnotes":""},"_links":{"self":[{"href":"https:\/\/herdwickzucht.de\/index.php?rest_route=\/wp\/v2\/pages\/1840"}],"collection":[{"href":"https:\/\/herdwickzucht.de\/index.php?rest_route=\/wp\/v2\/pages"}],"about":[{"href":"https:\/\/herdwickzucht.de\/index.php?rest_route=\/wp\/v2\/types\/page"}],"author":[{"embeddable":true,"href":"https:\/\/herdwickzucht.de\/index.php?rest_route=\/wp\/v2\/users\/1"}],"replies":[{"embeddable":true,"href":"https:\/\/herdwickzucht.de\/index.php?rest_route=%2Fwp%2Fv2%2Fcomments&post=1840"}],"version-history":[{"count":7,"href":"https:\/\/herdwickzucht.de\/index.php?rest_route=\/wp\/v2\/pages\/1840\/revisions"}],"predecessor-version":[{"id":2793,"href":"https:\/\/herdwickzucht.de\/index.php?rest_route=\/wp\/v2\/pages\/1840\/revisions\/2793"}],"wp:attachment":[{"href":"https:\/\/herdwickzucht.de\/index.php?rest_route=%2Fwp%2Fv2%2Fmedia&parent=1840"}],"curies":[{"name":"wp","href":"https:\/\/api.w.org\/{rel}","templated":true}]}}