{"id":1864,"date":"2020-10-23T15:31:47","date_gmt":"2020-10-23T13:31:47","guid":{"rendered":"http:\/\/herdwickzucht.de\/?page_id=1864"},"modified":"2022-03-13T18:21:20","modified_gmt":"2022-03-13T16:21:20","slug":"huehner","status":"publish","type":"page","link":"https:\/\/herdwickzucht.de\/?page_id=1864","title":{"rendered":"H\u00fchner"},"content":{"rendered":"<p><strong>Januar 2022 &#8211; leider musste ich unsere H\u00fchner aus gesundheitlichen Gr\u00fcnden abgeben. Zum Gl\u00fcck haben sie im Schwarzwald bei unserer Tochter alle ein sch\u00f6nes neues Zuhause bekommen. <\/strong><\/p>\n<p><a href=\"http:\/\/herdwickzucht.de\/wp-content\/uploads\/2021\/06\/20.06-1-scaled-e1624219165123.jpg\"><img loading=\"lazy\" decoding=\"async\" class=\"alignnone size-large wp-image-2373\" src=\"http:\/\/herdwickzucht.de\/wp-content\/uploads\/2021\/06\/20.06-1-scaled-e1624219165123-1024x445.jpg\" alt=\"\" width=\"474\" height=\"206\" srcset=\"https:\/\/herdwickzucht.de\/wp-content\/uploads\/2021\/06\/20.06-1-scaled-e1624219165123-1024x445.jpg 1024w, https:\/\/herdwickzucht.de\/wp-content\/uploads\/2021\/06\/20.06-1-scaled-e1624219165123-300x130.jpg 300w, https:\/\/herdwickzucht.de\/wp-content\/uploads\/2021\/06\/20.06-1-scaled-e1624219165123-768x334.jpg 768w, https:\/\/herdwickzucht.de\/wp-content\/uploads\/2021\/06\/20.06-1-scaled-e1624219165123-1536x668.jpg 1536w, https:\/\/herdwickzucht.de\/wp-content\/uploads\/2021\/06\/20.06-1-scaled-e1624219165123-2048x890.jpg 2048w\" sizes=\"(max-width: 474px) 100vw, 474px\" \/><\/a><\/p>\n<figure id=\"attachment_2376\" aria-describedby=\"caption-attachment-2376\" style=\"width: 474px\" class=\"wp-caption alignnone\"><a href=\"http:\/\/herdwickzucht.de\/wp-content\/uploads\/2021\/06\/20.06-8-scaled-e1624218603684.jpg\"><img loading=\"lazy\" decoding=\"async\" class=\"size-large wp-image-2376\" src=\"http:\/\/herdwickzucht.de\/wp-content\/uploads\/2021\/06\/20.06-8-scaled-e1624218603684-1024x573.jpg\" alt=\"\" width=\"474\" height=\"265\" srcset=\"https:\/\/herdwickzucht.de\/wp-content\/uploads\/2021\/06\/20.06-8-scaled-e1624218603684-1024x573.jpg 1024w, https:\/\/herdwickzucht.de\/wp-content\/uploads\/2021\/06\/20.06-8-scaled-e1624218603684-300x168.jpg 300w, https:\/\/herdwickzucht.de\/wp-content\/uploads\/2021\/06\/20.06-8-scaled-e1624218603684-768x430.jpg 768w, https:\/\/herdwickzucht.de\/wp-content\/uploads\/2021\/06\/20.06-8-scaled-e1624218603684-1536x860.jpg 1536w, https:\/\/herdwickzucht.de\/wp-content\/uploads\/2021\/06\/20.06-8-scaled-e1624218603684-2048x1146.jpg 2048w\" sizes=\"(max-width: 474px) 100vw, 474px\" \/><\/a><figcaption id=\"caption-attachment-2376\" class=\"wp-caption-text\">3 Wochen alte Sussex K\u00fcken &#8211; schon sehr zutraulich<\/figcaption><\/figure>\n<figure id=\"attachment_2323\" aria-describedby=\"caption-attachment-2323\" style=\"width: 474px\" class=\"wp-caption alignnone\"><a href=\"http:\/\/herdwickzucht.de\/wp-content\/uploads\/2021\/06\/DSC_0213-scaled.jpg\"><img loading=\"lazy\" decoding=\"async\" class=\"size-large wp-image-2323\" src=\"http:\/\/herdwickzucht.de\/wp-content\/uploads\/2021\/06\/DSC_0213-1024x683.jpg\" alt=\"\" width=\"474\" height=\"316\" srcset=\"https:\/\/herdwickzucht.de\/wp-content\/uploads\/2021\/06\/DSC_0213-1024x683.jpg 1024w, https:\/\/herdwickzucht.de\/wp-content\/uploads\/2021\/06\/DSC_0213-300x200.jpg 300w, https:\/\/herdwickzucht.de\/wp-content\/uploads\/2021\/06\/DSC_0213-768x512.jpg 768w, https:\/\/herdwickzucht.de\/wp-content\/uploads\/2021\/06\/DSC_0213-1536x1024.jpg 1536w, https:\/\/herdwickzucht.de\/wp-content\/uploads\/2021\/06\/DSC_0213-2048x1365.jpg 2048w\" sizes=\"(max-width: 474px) 100vw, 474px\" \/><\/a><figcaption id=\"caption-attachment-2323\" class=\"wp-caption-text\">Albert &#8211; unser sch\u00f6ner Sussex Gockel<\/figcaption><\/figure>\n<p><a href=\"http:\/\/herdwickzucht.de\/wp-content\/uploads\/2021\/06\/DSC_0193-scaled.jpg\"><img loading=\"lazy\" decoding=\"async\" class=\"alignnone size-large wp-image-2324\" src=\"http:\/\/herdwickzucht.de\/wp-content\/uploads\/2021\/06\/DSC_0193-1024x683.jpg\" alt=\"\" width=\"474\" height=\"316\" srcset=\"https:\/\/herdwickzucht.de\/wp-content\/uploads\/2021\/06\/DSC_0193-1024x683.jpg 1024w, https:\/\/herdwickzucht.de\/wp-content\/uploads\/2021\/06\/DSC_0193-300x200.jpg 300w, https:\/\/herdwickzucht.de\/wp-content\/uploads\/2021\/06\/DSC_0193-768x512.jpg 768w, https:\/\/herdwickzucht.de\/wp-content\/uploads\/2021\/06\/DSC_0193-1536x1024.jpg 1536w, https:\/\/herdwickzucht.de\/wp-content\/uploads\/2021\/06\/DSC_0193-2048x1365.jpg 2048w\" sizes=\"(max-width: 474px) 100vw, 474px\" \/><\/a><\/p>\n<p>&nbsp;<\/p>\n","protected":false},"excerpt":{"rendered":"<p>Januar 2022 &#8211; leider musste ich unsere H\u00fchner aus gesundheitlichen Gr\u00fcnden abgeben. Zum Gl\u00fcck haben sie im Schwarzwald bei unserer Tochter alle ein sch\u00f6nes neues Zuhause bekommen. &nbsp;<\/p>\n","protected":false},"author":1,"featured_media":0,"parent":0,"menu_order":0,"comment_status":"closed","ping_status":"closed","template":"","meta":{"footnotes":""},"_links":{"self":[{"href":"https:\/\/herdwickzucht.de\/index.php?rest_route=\/wp\/v2\/pages\/1864"}],"collection":[{"href":"https:\/\/herdwickzucht.de\/index.php?rest_route=\/wp\/v2\/pages"}],"about":[{"href":"https:\/\/herdwickzucht.de\/index.php?rest_route=\/wp\/v2\/types\/page"}],"author":[{"embeddable":true,"href":"https:\/\/herdwickzucht.de\/index.php?rest_route=\/wp\/v2\/users\/1"}],"replies":[{"embeddable":true,"href":"https:\/\/herdwickzucht.de\/index.php?rest_route=%2Fwp%2Fv2%2Fcomments&post=1864"}],"version-history":[{"count":9,"href":"https:\/\/herdwickzucht.de\/index.php?rest_route=\/wp\/v2\/pages\/1864\/revisions"}],"predecessor-version":[{"id":2563,"href":"https:\/\/herdwickzucht.de\/index.php?rest_route=\/wp\/v2\/pages\/1864\/revisions\/2563"}],"wp:attachment":[{"href":"https:\/\/herdwickzucht.de\/index.php?rest_route=%2Fwp%2Fv2%2Fmedia&parent=1864"}],"curies":[{"name":"wp","href":"https:\/\/api.w.org\/{rel}","templated":true}]}}