{"id":23,"date":"2014-09-30T10:36:07","date_gmt":"2014-09-30T08:36:07","guid":{"rendered":"http:\/\/herdwickzucht.de\/?page_id=23"},"modified":"2015-04-12T15:43:58","modified_gmt":"2015-04-12T13:43:58","slug":"rasseportrait-2","status":"publish","type":"page","link":"https:\/\/herdwickzucht.de\/?page_id=23","title":{"rendered":"Rasseportrait"},"content":{"rendered":"<p>Am h\u00e4ufigsten sind Herdwick Schafe in den zentralen und westlichen T\u00e4lern des Lake District \u2013 ein Nationalpark zwischen Schottland und England \u2013 zu finden. Es ist nicht eindeutig nachgewiesen, dass die Herdwick Schafe skandinavischer Herkunft sind, aber man geht davon aus, dass Wikinger, welche im 9. Jahrhundet auch im Landesinneren von Gro\u00dfbritanien siedelten, diese Schafrasse dorthin brachten. Der Name leitet sich von <em><strong>&#8222;<\/strong><\/em><strong><em>Herden-vik&#8220;<\/em><\/strong> (altnordisch f\u00fcr <em>&#8222;Sch\u00e4ferei&#8220;<\/em> oder auch <em>\u201eSchaf-Farm\u201c<\/em>) ab, woraus sp\u00e4ter der Name <strong><em>Herdwick<\/em><\/strong> entstand.<\/p>\n<p>Herdwick Schafe sind eine robuste und widerstandsf\u00e4hige Schafrasse und kommen auch mit rauem Klima, K\u00e4lte und kargen Futterwiesen gut klar.<\/p>\n<p>Bei der Geburt im M\u00e4rz\/ April haben die L\u00e4mmer ein dunkelbraunes oder schwarzes Vlies, welches sich mit zunehmendem Alter verf\u00e4rbt. Zuerst werden die K\u00f6pfe und die Beine heller \u2013 bis hin zu Wei\u00df und das Vlies am K\u00f6rper wird Hellbraun bis Rotbraun. Nach der ersten Schur variiert das Vlies von Wei\u00df bis Anthrazit. Das Vlies ist dicht und trocknet sehr schnell. Die Herdwick haben einen starken Knochenbau.<\/p>\n<p>Bei den B\u00f6cken unterscheidet man zwischen hornlosen B\u00f6cken und B\u00f6cken mit Horn. Wir bevorzugen Zuchtb\u00f6cke mit Horn &#8211; das sieht imposant aus.<\/p>\n","protected":false},"excerpt":{"rendered":"<p>Am h\u00e4ufigsten sind Herdwick Schafe in den zentralen und westlichen T\u00e4lern des Lake District \u2013 ein Nationalpark zwischen Schottland und England \u2013 zu finden. Es ist nicht eindeutig nachgewiesen, dass die Herdwick Schafe skandinavischer Herkunft sind, aber man geht davon aus, dass Wikinger, welche im 9. Jahrhundet auch im Landesinneren von Gro\u00dfbritanien siedelten, diese Schafrasse &hellip; <a href=\"https:\/\/herdwickzucht.de\/?page_id=23\" class=\"more-link\"><span class=\"screen-reader-text\">Rasseportrait<\/span> weiterlesen <span class=\"meta-nav\">&rarr;<\/span><\/a><\/p>\n","protected":false},"author":1,"featured_media":0,"parent":39,"menu_order":0,"comment_status":"closed","ping_status":"closed","template":"","meta":{"footnotes":""},"_links":{"self":[{"href":"https:\/\/herdwickzucht.de\/index.php?rest_route=\/wp\/v2\/pages\/23"}],"collection":[{"href":"https:\/\/herdwickzucht.de\/index.php?rest_route=\/wp\/v2\/pages"}],"about":[{"href":"https:\/\/herdwickzucht.de\/index.php?rest_route=\/wp\/v2\/types\/page"}],"author":[{"embeddable":true,"href":"https:\/\/herdwickzucht.de\/index.php?rest_route=\/wp\/v2\/users\/1"}],"replies":[{"embeddable":true,"href":"https:\/\/herdwickzucht.de\/index.php?rest_route=%2Fwp%2Fv2%2Fcomments&post=23"}],"version-history":[{"count":2,"href":"https:\/\/herdwickzucht.de\/index.php?rest_route=\/wp\/v2\/pages\/23\/revisions"}],"predecessor-version":[{"id":106,"href":"https:\/\/herdwickzucht.de\/index.php?rest_route=\/wp\/v2\/pages\/23\/revisions\/106"}],"up":[{"embeddable":true,"href":"https:\/\/herdwickzucht.de\/index.php?rest_route=\/wp\/v2\/pages\/39"}],"wp:attachment":[{"href":"https:\/\/herdwickzucht.de\/index.php?rest_route=%2Fwp%2Fv2%2Fmedia&parent=23"}],"curies":[{"name":"wp","href":"https:\/\/api.w.org\/{rel}","templated":true}]}}