{"id":633,"date":"2017-04-17T10:26:14","date_gmt":"2017-04-17T08:26:14","guid":{"rendered":"http:\/\/herdwickzucht.de\/?page_id=633"},"modified":"2025-09-24T18:37:13","modified_gmt":"2025-09-24T16:37:13","slug":"zuchtboecke","status":"publish","type":"page","link":"https:\/\/herdwickzucht.de\/?page_id=633","title":{"rendered":"Zuchtb\u00f6cke"},"content":{"rendered":"<p>Inzwischen haben wir schon einige Nachzuchten von unseren Herdwickzuchtb\u00f6cken. Nur ca. 1-2 von 20 Bockl\u00e4mmern erf\u00fcllen die Kriterien f\u00fcr das Herdbuch und k\u00f6nnen zur weiteren Zucht eingesetzt werden.<\/p>\n<figure id=\"attachment_681\" aria-describedby=\"caption-attachment-681\" style=\"width: 476px\" class=\"wp-caption alignnone\"><a href=\"http:\/\/herdwickzucht.de\/wp-content\/uploads\/2017\/04\/Reinhardt-unser-erster-Zuchtbock.jpg\"><img loading=\"lazy\" decoding=\"async\" class=\" wp-image-681\" src=\"http:\/\/herdwickzucht.de\/wp-content\/uploads\/2017\/04\/Reinhardt-unser-erster-Zuchtbock-300x200.jpg\" alt=\"Reinhardt unser erster Herdwickzuchtbock- verstorben imSeptember 2015\" width=\"476\" height=\"317\" srcset=\"https:\/\/herdwickzucht.de\/wp-content\/uploads\/2017\/04\/Reinhardt-unser-erster-Zuchtbock-300x200.jpg 300w, https:\/\/herdwickzucht.de\/wp-content\/uploads\/2017\/04\/Reinhardt-unser-erster-Zuchtbock-768x512.jpg 768w, https:\/\/herdwickzucht.de\/wp-content\/uploads\/2017\/04\/Reinhardt-unser-erster-Zuchtbock-1024x683.jpg 1024w\" sizes=\"(max-width: 476px) 100vw, 476px\" \/><\/a><figcaption id=\"caption-attachment-681\" class=\"wp-caption-text\">Reinhardt unser erster Herdwickzuchtbock<\/figcaption><\/figure>\n<figure id=\"attachment_683\" aria-describedby=\"caption-attachment-683\" style=\"width: 479px\" class=\"wp-caption alignnone\"><a href=\"http:\/\/herdwickzucht.de\/wp-content\/uploads\/2017\/04\/Cyrill-verunfallt-27.12.16.jpg\"><img loading=\"lazy\" decoding=\"async\" class=\" wp-image-683\" src=\"http:\/\/herdwickzucht.de\/wp-content\/uploads\/2017\/04\/Cyrill-verunfallt-27.12.16-300x200.jpg\" alt=\"Herdwickzuchtbock Cyrill - verunfallt 27.12.16\" width=\"479\" height=\"319\" srcset=\"https:\/\/herdwickzucht.de\/wp-content\/uploads\/2017\/04\/Cyrill-verunfallt-27.12.16-300x200.jpg 300w, https:\/\/herdwickzucht.de\/wp-content\/uploads\/2017\/04\/Cyrill-verunfallt-27.12.16-768x512.jpg 768w, https:\/\/herdwickzucht.de\/wp-content\/uploads\/2017\/04\/Cyrill-verunfallt-27.12.16-1024x683.jpg 1024w\" sizes=\"(max-width: 479px) 100vw, 479px\" \/><\/a><figcaption id=\"caption-attachment-683\" class=\"wp-caption-text\">Herdwickzuchtbock Cyrill<\/figcaption><\/figure>\n<figure id=\"attachment_684\" aria-describedby=\"caption-attachment-684\" style=\"width: 473px\" class=\"wp-caption alignnone\"><a href=\"http:\/\/herdwickzucht.de\/wp-content\/uploads\/2017\/04\/Cyrill-2.jpg\"><img loading=\"lazy\" decoding=\"async\" class=\" wp-image-684\" src=\"http:\/\/herdwickzucht.de\/wp-content\/uploads\/2017\/04\/Cyrill-2-300x258.jpg\" alt=\"Cyrill\" width=\"473\" height=\"407\" srcset=\"https:\/\/herdwickzucht.de\/wp-content\/uploads\/2017\/04\/Cyrill-2-300x258.jpg 300w, https:\/\/herdwickzucht.de\/wp-content\/uploads\/2017\/04\/Cyrill-2-768x662.jpg 768w, https:\/\/herdwickzucht.de\/wp-content\/uploads\/2017\/04\/Cyrill-2-1024x882.jpg 1024w\" sizes=\"(max-width: 473px) 100vw, 473px\" \/><\/a><figcaption id=\"caption-attachment-684\" class=\"wp-caption-text\">Herdwickzuchtbock Cyrill<\/figcaption><\/figure>\n<figure id=\"attachment_685\" aria-describedby=\"caption-attachment-685\" style=\"width: 473px\" class=\"wp-caption alignnone\"><a href=\"http:\/\/herdwickzucht.de\/wp-content\/uploads\/2017\/04\/Cyrill-3.jpg\"><img loading=\"lazy\" decoding=\"async\" class=\" wp-image-685\" src=\"http:\/\/herdwickzucht.de\/wp-content\/uploads\/2017\/04\/Cyrill-3-300x200.jpg\" alt=\"Cyrill \" width=\"473\" height=\"315\" srcset=\"https:\/\/herdwickzucht.de\/wp-content\/uploads\/2017\/04\/Cyrill-3-300x200.jpg 300w, https:\/\/herdwickzucht.de\/wp-content\/uploads\/2017\/04\/Cyrill-3-768x512.jpg 768w, https:\/\/herdwickzucht.de\/wp-content\/uploads\/2017\/04\/Cyrill-3-1024x683.jpg 1024w\" sizes=\"(max-width: 473px) 100vw, 473px\" \/><\/a><figcaption id=\"caption-attachment-685\" class=\"wp-caption-text\">Herdwickzuchtbock Cyrill<\/figcaption><\/figure>\n<figure id=\"attachment_693\" aria-describedby=\"caption-attachment-693\" style=\"width: 474px\" class=\"wp-caption alignnone\"><a href=\"http:\/\/herdwickzucht.de\/wp-content\/uploads\/2017\/04\/Cosimax-Hannes.jpg\"><img loading=\"lazy\" decoding=\"async\" class=\" wp-image-693\" src=\"http:\/\/herdwickzucht.de\/wp-content\/uploads\/2017\/04\/Cosimax-Hannes-300x200.jpg\" alt=\"Herdwickzuchtbock Cosimax-Hannes\" width=\"474\" height=\"316\" srcset=\"https:\/\/herdwickzucht.de\/wp-content\/uploads\/2017\/04\/Cosimax-Hannes-300x200.jpg 300w, https:\/\/herdwickzucht.de\/wp-content\/uploads\/2017\/04\/Cosimax-Hannes-768x512.jpg 768w, https:\/\/herdwickzucht.de\/wp-content\/uploads\/2017\/04\/Cosimax-Hannes-1024x683.jpg 1024w\" sizes=\"(max-width: 474px) 100vw, 474px\" \/><\/a><figcaption id=\"caption-attachment-693\" class=\"wp-caption-text\">Herdwickzuchtbock Cosimax-Hannes<\/figcaption><\/figure>\n<figure id=\"attachment_694\" aria-describedby=\"caption-attachment-694\" style=\"width: 467px\" class=\"wp-caption alignnone\"><a href=\"http:\/\/herdwickzucht.de\/wp-content\/uploads\/2017\/04\/Zuchtbock-Cosimax-Hannes.jpg\"><img loading=\"lazy\" decoding=\"async\" class=\" wp-image-694\" src=\"http:\/\/herdwickzucht.de\/wp-content\/uploads\/2017\/04\/Zuchtbock-Cosimax-Hannes-300x200.jpg\" alt=\"Herdwickzuchtbock Cosimax-Hannes\" width=\"467\" height=\"311\" srcset=\"https:\/\/herdwickzucht.de\/wp-content\/uploads\/2017\/04\/Zuchtbock-Cosimax-Hannes-300x200.jpg 300w, https:\/\/herdwickzucht.de\/wp-content\/uploads\/2017\/04\/Zuchtbock-Cosimax-Hannes-768x512.jpg 768w, https:\/\/herdwickzucht.de\/wp-content\/uploads\/2017\/04\/Zuchtbock-Cosimax-Hannes-1024x683.jpg 1024w\" sizes=\"(max-width: 467px) 100vw, 467px\" \/><\/a><figcaption id=\"caption-attachment-694\" class=\"wp-caption-text\">Herdwickzuchtbock Cosimax-Hannes<\/figcaption><\/figure>\n<figure id=\"attachment_687\" aria-describedby=\"caption-attachment-687\" style=\"width: 469px\" class=\"wp-caption alignnone\"><a href=\"http:\/\/herdwickzucht.de\/wp-content\/uploads\/2017\/04\/Reinhardt-\u00b414-2.jpg\"><img loading=\"lazy\" decoding=\"async\" class=\" wp-image-687\" src=\"http:\/\/herdwickzucht.de\/wp-content\/uploads\/2017\/04\/Reinhardt-\u00b414-2-200x300.jpg\" alt=\"Herdwickzuchtbock Reinhardt &#96;14 - Nachkomme von unserem erster Herdwickzuchtbock\" width=\"469\" height=\"704\" srcset=\"https:\/\/herdwickzucht.de\/wp-content\/uploads\/2017\/04\/Reinhardt-\u00b414-2-200x300.jpg 200w, https:\/\/herdwickzucht.de\/wp-content\/uploads\/2017\/04\/Reinhardt-\u00b414-2-768x1152.jpg 768w, https:\/\/herdwickzucht.de\/wp-content\/uploads\/2017\/04\/Reinhardt-\u00b414-2-683x1024.jpg 683w\" sizes=\"(max-width: 469px) 100vw, 469px\" \/><\/a><figcaption id=\"caption-attachment-687\" class=\"wp-caption-text\">Herdwickzuchtbock Reinhardt `14 Nachkomme von unserem ersten Zuchtbock<\/figcaption><\/figure>\n<figure id=\"attachment_688\" aria-describedby=\"caption-attachment-688\" style=\"width: 468px\" class=\"wp-caption alignnone\"><a href=\"http:\/\/herdwickzucht.de\/wp-content\/uploads\/2017\/04\/Reinhardt-\u00b415-2.jpg\"><img loading=\"lazy\" decoding=\"async\" class=\" wp-image-688\" src=\"http:\/\/herdwickzucht.de\/wp-content\/uploads\/2017\/04\/Reinhardt-\u00b415-2-300x200.jpg\" alt=\"Herdwickzuchtbock Herdwickbock Reinhardt &#96;15 - Nachkomme von unserem ersten Zuchtbock \" width=\"468\" height=\"312\" srcset=\"https:\/\/herdwickzucht.de\/wp-content\/uploads\/2017\/04\/Reinhardt-\u00b415-2-300x200.jpg 300w, https:\/\/herdwickzucht.de\/wp-content\/uploads\/2017\/04\/Reinhardt-\u00b415-2-768x512.jpg 768w, https:\/\/herdwickzucht.de\/wp-content\/uploads\/2017\/04\/Reinhardt-\u00b415-2-1024x683.jpg 1024w\" sizes=\"(max-width: 468px) 100vw, 468px\" \/><\/a><figcaption id=\"caption-attachment-688\" class=\"wp-caption-text\">Herdwickzuchtbock Reinhardt `15\u00a0 Nachkomme von unserem ersten Zuchtbock<\/figcaption><\/figure>\n<p>&nbsp;<\/p>\n<p>&nbsp;<\/p>\n","protected":false},"excerpt":{"rendered":"<p>Inzwischen haben wir schon einige Nachzuchten von unseren Herdwickzuchtb\u00f6cken. Nur ca. 1-2 von 20 Bockl\u00e4mmern erf\u00fcllen die Kriterien f\u00fcr das Herdbuch und k\u00f6nnen zur weiteren Zucht eingesetzt werden. &nbsp; &nbsp;<\/p>\n","protected":false},"author":1,"featured_media":0,"parent":0,"menu_order":0,"comment_status":"closed","ping_status":"closed","template":"","meta":{"footnotes":""},"_links":{"self":[{"href":"https:\/\/herdwickzucht.de\/index.php?rest_route=\/wp\/v2\/pages\/633"}],"collection":[{"href":"https:\/\/herdwickzucht.de\/index.php?rest_route=\/wp\/v2\/pages"}],"about":[{"href":"https:\/\/herdwickzucht.de\/index.php?rest_route=\/wp\/v2\/types\/page"}],"author":[{"embeddable":true,"href":"https:\/\/herdwickzucht.de\/index.php?rest_route=\/wp\/v2\/users\/1"}],"replies":[{"embeddable":true,"href":"https:\/\/herdwickzucht.de\/index.php?rest_route=%2Fwp%2Fv2%2Fcomments&post=633"}],"version-history":[{"count":12,"href":"https:\/\/herdwickzucht.de\/index.php?rest_route=\/wp\/v2\/pages\/633\/revisions"}],"predecessor-version":[{"id":2962,"href":"https:\/\/herdwickzucht.de\/index.php?rest_route=\/wp\/v2\/pages\/633\/revisions\/2962"}],"wp:attachment":[{"href":"https:\/\/herdwickzucht.de\/index.php?rest_route=%2Fwp%2Fv2%2Fmedia&parent=633"}],"curies":[{"name":"wp","href":"https:\/\/api.w.org\/{rel}","templated":true}]}}