{"id":644,"date":"2017-04-17T11:32:53","date_gmt":"2017-04-17T09:32:53","guid":{"rendered":"http:\/\/herdwickzucht.de\/?page_id=644"},"modified":"2020-03-11T12:14:01","modified_gmt":"2020-03-11T10:14:01","slug":"fleisch","status":"publish","type":"page","link":"https:\/\/herdwickzucht.de\/?page_id=644","title":{"rendered":"Fleisch vom Betzinger Jungschaf"},"content":{"rendered":"<p>Wir schlachten unsere Tiere mit 1 \u00bd Jahren als Jungschaf. Diese Schlachtk\u00f6rper werden unter den Interessenten aufgeteilt. Ein halbes Schaf hat zwischen 10 und 13 kg. F\u00fcr einen normalen Haushalt kein Problem zu verwerten.<\/p>\n<p>Unsere Tiere werden nicht zum Schlachtgewicht gem\u00e4stet, sondern sind eine langsam wachsende Rasse, die nur auf Gr\u00fcnland gehalten werden. Deshalb ist der Termin zum Schlachten sp\u00e4ter als bei \u00fcblichen Mastrassen. Durch das langsame Wachstum ist das Fleisch sehr schmackhaft und zart und wird begleitet von dem Geschmack der Kr\u00e4uter, die unsere Tiere auf den Wiesen vorfinden<\/p>\n","protected":false},"excerpt":{"rendered":"<p>Wir schlachten unsere Tiere mit 1 \u00bd Jahren als Jungschaf. Diese Schlachtk\u00f6rper werden unter den Interessenten aufgeteilt. Ein halbes Schaf hat zwischen 10 und 13 kg. F\u00fcr einen normalen Haushalt kein Problem zu verwerten. Unsere Tiere werden nicht zum Schlachtgewicht gem\u00e4stet, sondern sind eine langsam wachsende Rasse, die nur auf Gr\u00fcnland gehalten werden. Deshalb ist &hellip; <a href=\"https:\/\/herdwickzucht.de\/?page_id=644\" class=\"more-link\"><span class=\"screen-reader-text\">Fleisch vom Betzinger Jungschaf<\/span> weiterlesen <span class=\"meta-nav\">&rarr;<\/span><\/a><\/p>\n","protected":false},"author":1,"featured_media":0,"parent":0,"menu_order":0,"comment_status":"closed","ping_status":"closed","template":"","meta":{"footnotes":""},"_links":{"self":[{"href":"https:\/\/herdwickzucht.de\/index.php?rest_route=\/wp\/v2\/pages\/644"}],"collection":[{"href":"https:\/\/herdwickzucht.de\/index.php?rest_route=\/wp\/v2\/pages"}],"about":[{"href":"https:\/\/herdwickzucht.de\/index.php?rest_route=\/wp\/v2\/types\/page"}],"author":[{"embeddable":true,"href":"https:\/\/herdwickzucht.de\/index.php?rest_route=\/wp\/v2\/users\/1"}],"replies":[{"embeddable":true,"href":"https:\/\/herdwickzucht.de\/index.php?rest_route=%2Fwp%2Fv2%2Fcomments&post=644"}],"version-history":[{"count":7,"href":"https:\/\/herdwickzucht.de\/index.php?rest_route=\/wp\/v2\/pages\/644\/revisions"}],"predecessor-version":[{"id":1597,"href":"https:\/\/herdwickzucht.de\/index.php?rest_route=\/wp\/v2\/pages\/644\/revisions\/1597"}],"wp:attachment":[{"href":"https:\/\/herdwickzucht.de\/index.php?rest_route=%2Fwp%2Fv2%2Fmedia&parent=644"}],"curies":[{"name":"wp","href":"https:\/\/api.w.org\/{rel}","templated":true}]}}