{"id":648,"date":"2017-04-17T11:33:29","date_gmt":"2017-04-17T09:33:29","guid":{"rendered":"http:\/\/herdwickzucht.de\/?page_id=648"},"modified":"2025-09-24T18:46:01","modified_gmt":"2025-09-24T16:46:01","slug":"verkauf-von-zuchttieren","status":"publish","type":"page","link":"https:\/\/herdwickzucht.de\/?page_id=648","title":{"rendered":"Verkauf von Zuchttieren"},"content":{"rendered":"<p>Da wir unsere gew\u00fcnschte Herdengr\u00f6\u00dfe erreicht haben, sind wir in der Lage Nachzuchten mit Papieren an andere Schafhalter und Z\u00fcchter abzugeben. Wir z\u00fcchten mit 6 Blutlinien und haben deshalb ausreichend Zuchtb\u00f6cke zur Wahl. Alle unsere Zuchtb\u00f6cke sind Scrapie resistent (ARR\/ ARR (G1)). Wenn Sie Interesse haben, melden Sie sich bitte per E-Mail. Wir beraten und unterst\u00fctzen Sie gerne bei Ihren Planungen.<\/p>\n<p>Unsere B\u00f6cke sind gegen\u00fcber Menschen nicht agressiv, aber streitbar und wehrhaft.<\/p>\n<p>Bilder von den aktuellen Zuchtb\u00f6cken senden wir auf Anfrage gerne zu.<\/p>\n<p>Die weiblichen Zuchttiere sind f\u00fcr das Jahr 2025 sind bereits verkauft. Gerne merken wir Sie f\u00fcr 2026 vor.<\/p>\n<div class=\"mceTemp\"><\/div>\n<div class=\"mceTemp\"><\/div>\n","protected":false},"excerpt":{"rendered":"<p>Da wir unsere gew\u00fcnschte Herdengr\u00f6\u00dfe erreicht haben, sind wir in der Lage Nachzuchten mit Papieren an andere Schafhalter und Z\u00fcchter abzugeben. Wir z\u00fcchten mit 6 Blutlinien und haben deshalb ausreichend Zuchtb\u00f6cke zur Wahl. Alle unsere Zuchtb\u00f6cke sind Scrapie resistent (ARR\/ ARR (G1)). Wenn Sie Interesse haben, melden Sie sich bitte per E-Mail. Wir beraten und &hellip; <a href=\"https:\/\/herdwickzucht.de\/?page_id=648\" class=\"more-link\"><span class=\"screen-reader-text\">Verkauf von Zuchttieren<\/span> weiterlesen <span class=\"meta-nav\">&rarr;<\/span><\/a><\/p>\n","protected":false},"author":1,"featured_media":0,"parent":0,"menu_order":0,"comment_status":"closed","ping_status":"closed","template":"","meta":{"footnotes":""},"_links":{"self":[{"href":"https:\/\/herdwickzucht.de\/index.php?rest_route=\/wp\/v2\/pages\/648"}],"collection":[{"href":"https:\/\/herdwickzucht.de\/index.php?rest_route=\/wp\/v2\/pages"}],"about":[{"href":"https:\/\/herdwickzucht.de\/index.php?rest_route=\/wp\/v2\/types\/page"}],"author":[{"embeddable":true,"href":"https:\/\/herdwickzucht.de\/index.php?rest_route=\/wp\/v2\/users\/1"}],"replies":[{"embeddable":true,"href":"https:\/\/herdwickzucht.de\/index.php?rest_route=%2Fwp%2Fv2%2Fcomments&post=648"}],"version-history":[{"count":34,"href":"https:\/\/herdwickzucht.de\/index.php?rest_route=\/wp\/v2\/pages\/648\/revisions"}],"predecessor-version":[{"id":2965,"href":"https:\/\/herdwickzucht.de\/index.php?rest_route=\/wp\/v2\/pages\/648\/revisions\/2965"}],"wp:attachment":[{"href":"https:\/\/herdwickzucht.de\/index.php?rest_route=%2Fwp%2Fv2%2Fmedia&parent=648"}],"curies":[{"name":"wp","href":"https:\/\/api.w.org\/{rel}","templated":true}]}}