{"id":73,"date":"2014-09-30T11:36:50","date_gmt":"2014-09-30T09:36:50","guid":{"rendered":"http:\/\/herdwickzucht.de\/?page_id=73"},"modified":"2024-12-03T09:10:49","modified_gmt":"2024-12-03T07:10:49","slug":"news","status":"publish","type":"page","link":"https:\/\/herdwickzucht.de\/?page_id=73","title":{"rendered":"News"},"content":{"rendered":"<p>05.04.2024 unser 7. K\u00e4lbchen- Susi ist geboren<\/p>\n<figure id=\"attachment_2928\" aria-describedby=\"caption-attachment-2928\" style=\"width: 474px\" class=\"wp-caption alignnone\"><a href=\"http:\/\/herdwickzucht.de\/wp-content\/uploads\/2024\/04\/Susi-geb.-05.04.2024.jpg\"><img loading=\"lazy\" decoding=\"async\" class=\"size-large wp-image-2928\" src=\"http:\/\/herdwickzucht.de\/wp-content\/uploads\/2024\/04\/Susi-geb.-05.04.2024-1024x681.jpg\" alt=\"\" width=\"474\" height=\"315\" srcset=\"https:\/\/herdwickzucht.de\/wp-content\/uploads\/2024\/04\/Susi-geb.-05.04.2024-1024x681.jpg 1024w, https:\/\/herdwickzucht.de\/wp-content\/uploads\/2024\/04\/Susi-geb.-05.04.2024-300x200.jpg 300w, https:\/\/herdwickzucht.de\/wp-content\/uploads\/2024\/04\/Susi-geb.-05.04.2024-768x511.jpg 768w, https:\/\/herdwickzucht.de\/wp-content\/uploads\/2024\/04\/Susi-geb.-05.04.2024-1536x1021.jpg 1536w, https:\/\/herdwickzucht.de\/wp-content\/uploads\/2024\/04\/Susi-geb.-05.04.2024.jpg 1600w\" sizes=\"(max-width: 474px) 100vw, 474px\" \/><\/a><figcaption id=\"caption-attachment-2928\" class=\"wp-caption-text\">Susi &#8211; unser 7. K\u00e4lbchen, geb. 05.04.2024<\/figcaption><\/figure>\n<p>16.03.2024- die ersten L\u00e4mmmchen sind geboren<\/p>\n<figure id=\"attachment_2890\" aria-describedby=\"caption-attachment-2890\" style=\"width: 474px\" class=\"wp-caption alignnone\"><a href=\"http:\/\/herdwickzucht.de\/wp-content\/uploads\/2024\/03\/20240316_215739-scaled-e1710677087198.jpg\"><img loading=\"lazy\" decoding=\"async\" class=\"size-large wp-image-2890\" src=\"http:\/\/herdwickzucht.de\/wp-content\/uploads\/2024\/03\/20240316_215739-scaled-e1710677087198-1024x830.jpg\" alt=\"\" width=\"474\" height=\"384\" srcset=\"https:\/\/herdwickzucht.de\/wp-content\/uploads\/2024\/03\/20240316_215739-scaled-e1710677087198-1024x830.jpg 1024w, https:\/\/herdwickzucht.de\/wp-content\/uploads\/2024\/03\/20240316_215739-scaled-e1710677087198-300x243.jpg 300w, https:\/\/herdwickzucht.de\/wp-content\/uploads\/2024\/03\/20240316_215739-scaled-e1710677087198-768x623.jpg 768w, https:\/\/herdwickzucht.de\/wp-content\/uploads\/2024\/03\/20240316_215739-scaled-e1710677087198-1536x1246.jpg 1536w, https:\/\/herdwickzucht.de\/wp-content\/uploads\/2024\/03\/20240316_215739-scaled-e1710677087198.jpg 1920w\" sizes=\"(max-width: 474px) 100vw, 474px\" \/><\/a><figcaption id=\"caption-attachment-2890\" class=\"wp-caption-text\">das erste L\u00e4mmchen 2024- schon sehr neugierig<\/figcaption><\/figure>\n<figure id=\"attachment_2891\" aria-describedby=\"caption-attachment-2891\" style=\"width: 474px\" class=\"wp-caption alignnone\"><a href=\"http:\/\/herdwickzucht.de\/wp-content\/uploads\/2024\/03\/20240317_100519-scaled.jpg\"><img loading=\"lazy\" decoding=\"async\" class=\"size-large wp-image-2891\" src=\"http:\/\/herdwickzucht.de\/wp-content\/uploads\/2024\/03\/20240317_100519-1024x768.jpg\" alt=\"\" width=\"474\" height=\"356\" srcset=\"https:\/\/herdwickzucht.de\/wp-content\/uploads\/2024\/03\/20240317_100519-1024x768.jpg 1024w, https:\/\/herdwickzucht.de\/wp-content\/uploads\/2024\/03\/20240317_100519-300x225.jpg 300w, https:\/\/herdwickzucht.de\/wp-content\/uploads\/2024\/03\/20240317_100519-768x576.jpg 768w, https:\/\/herdwickzucht.de\/wp-content\/uploads\/2024\/03\/20240317_100519-1536x1152.jpg 1536w, https:\/\/herdwickzucht.de\/wp-content\/uploads\/2024\/03\/20240317_100519-2048x1536.jpg 2048w\" sizes=\"(max-width: 474px) 100vw, 474px\" \/><\/a><figcaption id=\"caption-attachment-2891\" class=\"wp-caption-text\">5 Minuten altes L\u00e4mmchen<\/figcaption><\/figure>\n<figure id=\"attachment_2892\" aria-describedby=\"caption-attachment-2892\" style=\"width: 474px\" class=\"wp-caption alignnone\"><a href=\"http:\/\/herdwickzucht.de\/wp-content\/uploads\/2024\/03\/20240317_100522-scaled.jpg\"><img loading=\"lazy\" decoding=\"async\" class=\"size-large wp-image-2892\" src=\"http:\/\/herdwickzucht.de\/wp-content\/uploads\/2024\/03\/20240317_100522-1024x768.jpg\" alt=\"\" width=\"474\" height=\"356\" srcset=\"https:\/\/herdwickzucht.de\/wp-content\/uploads\/2024\/03\/20240317_100522-1024x768.jpg 1024w, https:\/\/herdwickzucht.de\/wp-content\/uploads\/2024\/03\/20240317_100522-300x225.jpg 300w, https:\/\/herdwickzucht.de\/wp-content\/uploads\/2024\/03\/20240317_100522-768x576.jpg 768w, https:\/\/herdwickzucht.de\/wp-content\/uploads\/2024\/03\/20240317_100522-1536x1152.jpg 1536w, https:\/\/herdwickzucht.de\/wp-content\/uploads\/2024\/03\/20240317_100522-2048x1536.jpg 2048w\" sizes=\"(max-width: 474px) 100vw, 474px\" \/><\/a><figcaption id=\"caption-attachment-2892\" class=\"wp-caption-text\">5 Minuten altes L\u00e4mmchen<\/figcaption><\/figure>\n<p>Mehr Bilder von den L\u00e4mmchen gibt es unter der Rubrik Galerie.<\/p>\n<p>&nbsp;<\/p>\n<p>&nbsp;<\/p>\n<p>&nbsp;<\/p>\n<p>&nbsp;<\/p>\n","protected":false},"excerpt":{"rendered":"<p>05.04.2024 unser 7. K\u00e4lbchen- Susi ist geboren 16.03.2024- die ersten L\u00e4mmmchen sind geboren Mehr Bilder von den L\u00e4mmchen gibt es unter der Rubrik Galerie. &nbsp; &nbsp; &nbsp; &nbsp;<\/p>\n","protected":false},"author":1,"featured_media":0,"parent":0,"menu_order":0,"comment_status":"closed","ping_status":"closed","template":"","meta":{"footnotes":""},"_links":{"self":[{"href":"https:\/\/herdwickzucht.de\/index.php?rest_route=\/wp\/v2\/pages\/73"}],"collection":[{"href":"https:\/\/herdwickzucht.de\/index.php?rest_route=\/wp\/v2\/pages"}],"about":[{"href":"https:\/\/herdwickzucht.de\/index.php?rest_route=\/wp\/v2\/types\/page"}],"author":[{"embeddable":true,"href":"https:\/\/herdwickzucht.de\/index.php?rest_route=\/wp\/v2\/users\/1"}],"replies":[{"embeddable":true,"href":"https:\/\/herdwickzucht.de\/index.php?rest_route=%2Fwp%2Fv2%2Fcomments&post=73"}],"version-history":[{"count":118,"href":"https:\/\/herdwickzucht.de\/index.php?rest_route=\/wp\/v2\/pages\/73\/revisions"}],"predecessor-version":[{"id":2957,"href":"https:\/\/herdwickzucht.de\/index.php?rest_route=\/wp\/v2\/pages\/73\/revisions\/2957"}],"wp:attachment":[{"href":"https:\/\/herdwickzucht.de\/index.php?rest_route=%2Fwp%2Fv2%2Fmedia&parent=73"}],"curies":[{"name":"wp","href":"https:\/\/api.w.org\/{rel}","templated":true}]}}